{"id":62,"date":"2026-01-04T18:39:43","date_gmt":"2026-01-04T18:39:43","guid":{"rendered":"https:\/\/levyars.com\/?page_id=62"},"modified":"2026-01-04T18:39:44","modified_gmt":"2026-01-04T18:39:44","slug":"humanoid","status":"publish","type":"page","link":"https:\/\/levyars.com\/pt\/humanoides\/","title":{"rendered":"Humanoides"},"content":{"rendered":"\r\n<p>Esta galeria re\u00fane todas as obras de arte com o tema &#8220;humanoide&#8221; publicadas na plataforma ArtStation. Aqui, voc\u00ea pode explorar uma variedade de cria\u00e7\u00f5es que representam figuras humanas ou rob\u00f3ticas, exibindo diferentes estilos e interpreta\u00e7\u00f5es art\u00edsticas.<\/p>\r\n\r\n\r\n<div class=\"alignfull alignfull wp-block-artstation-gallery\"><div class=\"album-grid\"><div class=\"row\"><div class=\"col-6 col-tablet-4 col-desktop-3 col-desktop-xlg-2\"><div class=\"album-grid-item\"><a href=\"https:\/\/www.artstation.com\/artwork\/oJX1WL\"><img decoding=\"async\" class=\"img-fluid\" src=\"https:\/\/cdna.artstation.com\/p\/assets\/covers\/images\/078\/505\/848\/smaller_square\/levy-ars-levy-ars-may-2.jpg?1722301672\"><div class=\"album-grid-item-overlay\"><div class=\"album-grid-item-overlay-inner\"><div class=\"album-grid-item-name\">May \/ Haruka<\/div><\/div><\/div><\/a><\/div><\/div><div class=\"col-6 col-tablet-4 col-desktop-3 col-desktop-xlg-2\"><div class=\"album-grid-item\"><a href=\"https:\/\/www.artstation.com\/artwork\/6bl3qn\"><img decoding=\"async\" class=\"img-fluid\" src=\"https:\/\/cdnb.artstation.com\/p\/assets\/images\/images\/055\/740\/281\/smaller_square\/levy-ars-pbr-v.jpg?1667643469\"><div class=\"album-grid-item-overlay\"><div class=\"album-grid-item-overlay-inner\"><div class=\"album-grid-item-name\">V Reference<\/div><\/div><\/div><\/a><\/div><\/div><div class=\"col-6 col-tablet-4 col-desktop-3 col-desktop-xlg-2\"><div class=\"album-grid-item\"><a href=\"https:\/\/www.artstation.com\/artwork\/ELPgee\"><img decoding=\"async\" class=\"img-fluid\" src=\"https:\/\/cdna.artstation.com\/p\/assets\/covers\/images\/039\/689\/402\/smaller_square\/levy-ars-levy-ars-kleber-adobespark.jpg?1626652267\"><div class=\"album-grid-item-overlay\"><div class=\"album-grid-item-overlay-inner\"><div class=\"album-grid-item-name\">Kleber<\/div><\/div><\/div><\/a><\/div><\/div><div class=\"col-6 col-tablet-4 col-desktop-3 col-desktop-xlg-2\"><div class=\"album-grid-item\"><a href=\"https:\/\/www.artstation.com\/artwork\/eanbBX\"><img decoding=\"async\" class=\"img-fluid\" src=\"https:\/\/cdna.artstation.com\/p\/assets\/covers\/images\/039\/689\/410\/smaller_square\/levy-ars-levy-ars-alice-adobespark-1.jpg?1626652309\"><div class=\"album-grid-item-overlay\"><div class=\"album-grid-item-overlay-inner\"><div class=\"album-grid-item-name\">Alice<\/div><\/div><\/div><\/a><\/div><\/div><div class=\"col-6 col-tablet-4 col-desktop-3 col-desktop-xlg-2\"><div class=\"album-grid-item\"><a href=\"https:\/\/www.artstation.com\/artwork\/w8DmvL\"><img decoding=\"async\" class=\"img-fluid\" src=\"https:\/\/cdnb.artstation.com\/p\/assets\/covers\/images\/039\/689\/443\/smaller_square\/levy-ars-levy-ars-minobuffalo.jpg?1626652548\"><div class=\"album-grid-item-overlay\"><div class=\"album-grid-item-overlay-inner\"><div class=\"album-grid-item-name\">MinoBuffalo<\/div><\/div><\/div><\/a><\/div><\/div><div class=\"col-6 col-tablet-4 col-desktop-3 col-desktop-xlg-2\"><div class=\"album-grid-item\"><a href=\"https:\/\/www.artstation.com\/artwork\/BmR4Xm\"><img decoding=\"async\" class=\"img-fluid\" src=\"https:\/\/cdnb.artstation.com\/p\/assets\/images\/images\/023\/004\/691\/20191229232152\/smaller_square\/ulisses-de-sa-alves-custom2.jpg?1577683312\"><div class=\"album-grid-item-overlay\"><div class=\"album-grid-item-overlay-inner\"><div class=\"album-grid-item-name\">SteamStein<\/div><\/div><\/div><\/a><\/div><\/div><\/div><\/div><\/div>","protected":false},"excerpt":{"rendered":"<p>Esta galeria re\u00fane todas as obras de arte com o tema &#8220;humanoide&#8221; publicadas na plataforma ArtStation. Aqui, voc\u00ea pode explorar uma variedade de cria\u00e7\u00f5es que representam figuras humanas ou rob\u00f3ticas, exibindo diferentes estilos e interpreta\u00e7\u00f5es art\u00edsticas.<\/p>\n","protected":false},"author":1,"featured_media":0,"parent":0,"menu_order":0,"comment_status":"closed","ping_status":"closed","template":"","meta":{"om_disable_all_campaigns":false,"_monsterinsights_skip_tracking":false,"_monsterinsights_sitenote_active":false,"_monsterinsights_sitenote_note":"","_monsterinsights_sitenote_category":0,"footnotes":""},"class_list":["post-62","page","type-page","status-publish","hentry"],"aioseo_notices":[],"_hostinger_reach_plugin_has_subscription_block":false,"_hostinger_reach_plugin_is_elementor":false,"_links":{"self":[{"href":"https:\/\/levyars.com\/pt\/wp-json\/wp\/v2\/pages\/62","targetHints":{"allow":["GET"]}}],"collection":[{"href":"https:\/\/levyars.com\/pt\/wp-json\/wp\/v2\/pages"}],"about":[{"href":"https:\/\/levyars.com\/pt\/wp-json\/wp\/v2\/types\/page"}],"author":[{"embeddable":true,"href":"https:\/\/levyars.com\/pt\/wp-json\/wp\/v2\/users\/1"}],"replies":[{"embeddable":true,"href":"https:\/\/levyars.com\/pt\/wp-json\/wp\/v2\/comments?post=62"}],"version-history":[{"count":1,"href":"https:\/\/levyars.com\/pt\/wp-json\/wp\/v2\/pages\/62\/revisions"}],"predecessor-version":[{"id":63,"href":"https:\/\/levyars.com\/pt\/wp-json\/wp\/v2\/pages\/62\/revisions\/63"}],"wp:attachment":[{"href":"https:\/\/levyars.com\/pt\/wp-json\/wp\/v2\/media?parent=62"}],"curies":[{"name":"wp","href":"https:\/\/api.w.org\/{rel}","templated":true}]}}